{"id":8,"date":"2020-02-01T15:54:42","date_gmt":"2020-02-01T15:54:42","guid":{"rendered":"http:\/\/emobility-reichhold.de\/?page_id=8"},"modified":"2020-10-02T12:43:15","modified_gmt":"2020-10-02T12:43:15","slug":"ueber-uns","status":"publish","type":"page","link":"https:\/\/emobility-reichhold.de\/?page_id=8","title":{"rendered":"\u00dcber uns"},"content":{"rendered":"<div data-colibri-id=\"8-c1\" class=\"style-275 style-local-8-c1 position-relative\">\n  <!---->\n  <div data-colibri-component=\"section\" data-colibri-id=\"8-c2\" id=\"initial-content\" class=\"h-section h-section-global-spacing d-flex align-items-lg-center align-items-md-center align-items-center style-276 style-local-8-c2 position-relative\">\n    <!---->\n    <!---->\n    <div class=\"h-section-grid-container h-section-boxed-container\">\n      <div data-colibri-id=\"8-c6\" class=\"h-row-container gutters-row-lg-2 gutters-row-md-2 gutters-row-0 gutters-row-v-lg-2 gutters-row-v-md-2 gutters-row-v-2 style-280 style-local-8-c6 position-relative\">\n        <!---->\n        <div class=\"h-row justify-content-lg-center justify-content-md-center justify-content-center align-items-lg-stretch align-items-md-stretch align-items-stretch gutters-col-lg-2 gutters-col-md-2 gutters-col-0 gutters-col-v-lg-2 gutters-col-v-md-2 gutters-col-v-2\">\n          <!---->\n          <div class=\"h-column h-column-container d-flex h-col-lg-auto h-col-md-auto h-col-auto style-281-outer style-local-8-c7-outer\">\n            <div data-colibri-id=\"8-c7\" class=\"d-flex h-flex-basis h-column__inner h-px-lg-2 h-px-md-2 h-px-2 v-inner-lg-2 v-inner-md-2 v-inner-2 style-281 style-local-8-c7 position-relative\">\n              <!---->\n              <!---->\n              <div class=\"w-100 h-y-container h-column__content h-column__v-align flex-basis-100 align-self-lg-start align-self-md-start align-self-start\">\n                <!---->\n                <div data-colibri-id=\"8-c8\" class=\"h-global-transition-all h-heading style-282 style-local-8-c8 position-relative h-element\">\n                  <!---->\n                  <div class=\"h-heading__outer style-282 style-local-8-c8\">\n                    <!---->\n                    <!---->\n                    <h2 class=\"\">Qualit\u00e4t made in Germany<\/h2>\n                  <\/div>\n                <\/div>\n              <\/div>\n            <\/div>\n          <\/div>\n        <\/div>\n      <\/div>\n      <div data-colibri-id=\"8-c3\" class=\"h-row-container gutters-row-lg-2 gutters-row-md-2 gutters-row-0 gutters-row-v-lg-2 gutters-row-v-md-2 gutters-row-v-2 style-286 style-local-8-c3 position-relative\">\n        <!---->\n        <div class=\"h-row justify-content-lg-center justify-content-md-center justify-content-center align-items-lg-stretch align-items-md-stretch align-items-stretch gutters-col-lg-2 gutters-col-md-2 gutters-col-0 gutters-col-v-lg-2 gutters-col-v-md-2 gutters-col-v-2\">\n          <!---->\n          <div class=\"h-column h-column-container d-flex h-col-lg-auto h-col-md-auto h-col-auto style-287-outer style-local-8-c4-outer\">\n            <div data-colibri-id=\"8-c4\" class=\"d-flex h-flex-basis h-column__inner h-px-lg-2 h-px-md-2 h-px-2 v-inner-lg-2 v-inner-md-2 v-inner-2 style-287 style-local-8-c4 position-relative\">\n              <!---->\n              <!---->\n              <div class=\"w-100 h-y-container h-column__content h-column__v-align flex-basis-100 align-self-lg-start align-self-md-start align-self-start\">\n                <!---->\n                <div data-colibri-id=\"8-c5\" class=\"h-text h-text-component style-364 style-local-8-c5 position-relative h-element\">\n                  <!---->\n                  <!---->\n                  <div class=\"\">\n                    <p>\n                      <br>\n                    <\/p>\n                    <p>\u201eMade in Germany\u201c ist nach wie vor ein G\u00fctesiegel, das Qualit\u00e4t bedeutet. Deutschland hat als Produktionsstandort den Ruf pr\u00e4zise, zuverl\u00e4ssig und genau zu arbeiten.<\/p>\n                    <p>So ist das auch bei uns. Wir sind stolz darauf, sagen zu k\u00f6nnen, dass unsere gesamte Produktion im Inland stattfindet. Die Attribute, die mit dem Slogan \u201emade in Germany\u201c verbunden sind, sind jene, die auch wir t\u00e4glich pflegen.<\/p>\n                    <p>Durch eine Produktion in Deutschland in der Wetterau, k\u00f6nnen wir Ihnen nicht nur hochpr\u00e4zise Arbeiten garantieren, sondern auch eine schnelle Bearbeitungszeit durch das Wegfallen unn\u00f6tiger Transportwege.<\/p>\n                    <p>Wir sind f\u00fcr Sie hier, wo Sie uns brauchen!\n                      <br>\n                    <\/p>\n                  <\/div>\n                <\/div>\n              <\/div>\n            <\/div>\n          <\/div>\n        <\/div>\n      <\/div>\n    <\/div>\n  <\/div>\n  <div data-colibri-component=\"section\" data-colibri-id=\"8-c9\" id=\"custom-2\" class=\"h-section h-section-global-spacing d-flex align-items-lg-center align-items-md-center align-items-center style-369 style-local-8-c9 position-relative\">\n    <!---->\n    <!---->\n    <div class=\"h-section-grid-container h-section-boxed-container\">\n      <div data-colibri-id=\"8-c13\" class=\"h-row-container gutters-row-lg-2 gutters-row-md-2 gutters-row-0 gutters-row-v-lg-2 gutters-row-v-md-2 gutters-row-v-2 style-375 style-local-8-c13 position-relative\">\n        <!---->\n        <div class=\"h-row justify-content-lg-center justify-content-md-center justify-content-center align-items-lg-stretch align-items-md-stretch align-items-stretch gutters-col-lg-2 gutters-col-md-2 gutters-col-0 gutters-col-v-lg-2 gutters-col-v-md-2 gutters-col-v-2\">\n          <!---->\n          <div class=\"h-column h-column-container d-flex h-col-lg-auto h-col-md-auto h-col-auto style-376-outer style-local-8-c14-outer\">\n            <div data-colibri-id=\"8-c14\" class=\"d-flex h-flex-basis h-column__inner h-px-lg-2 h-px-md-2 h-px-2 v-inner-lg-2 v-inner-md-2 v-inner-2 style-376 style-local-8-c14 position-relative\">\n              <!---->\n              <!---->\n              <div class=\"w-100 h-y-container h-column__content h-column__v-align flex-basis-100 align-self-lg-start align-self-md-start align-self-start\">\n                <!---->\n                <div data-colibri-id=\"8-c15\" class=\"h-global-transition-all h-heading style-377 style-local-8-c15 position-relative h-element\">\n                  <!---->\n                  <div class=\"h-heading__outer style-377 style-local-8-c15\">\n                    <!---->\n                    <!---->\n                    <h2 class=\"\">Mehr M\u00f6glichkeiten durch Flexibilit\u00e4t<\/h2>\n                  <\/div>\n                <\/div>\n              <\/div>\n            <\/div>\n          <\/div>\n        <\/div>\n      <\/div>\n      <div data-colibri-id=\"8-c10\" class=\"h-row-container gutters-row-lg-2 gutters-row-md-2 gutters-row-0 gutters-row-v-lg-2 gutters-row-v-md-2 gutters-row-v-2 style-370 style-local-8-c10 position-relative\">\n        <!---->\n        <div class=\"h-row justify-content-lg-center justify-content-md-center justify-content-center align-items-lg-stretch align-items-md-stretch align-items-stretch gutters-col-lg-2 gutters-col-md-2 gutters-col-0 gutters-col-v-lg-2 gutters-col-v-md-2 gutters-col-v-2\">\n          <!---->\n          <div class=\"h-column h-column-container d-flex h-col-lg-auto h-col-md-auto h-col-auto style-371-outer style-local-8-c11-outer\">\n            <div data-colibri-id=\"8-c11\" class=\"d-flex h-flex-basis h-column__inner h-px-lg-2 h-px-md-2 h-px-2 v-inner-lg-2 v-inner-md-2 v-inner-2 style-371 style-local-8-c11 position-relative\">\n              <!---->\n              <!---->\n              <div class=\"w-100 h-y-container h-column__content h-column__v-align flex-basis-100 align-self-lg-start align-self-md-start align-self-start\">\n                <!---->\n                <div data-colibri-id=\"8-c12\" class=\"h-text h-text-component style-373 style-local-8-c12 position-relative h-element\">\n                  <!---->\n                  <!---->\n                  <div class=\"\">\n                    <p>Als Kleinbetrieb im Bereich der Mobilit\u00e4tsbranche sind wir in der Lage, sehr flexibel auf die W\u00fcnsche unserer Kunden einzugehen. Anders als Gro\u00dfunternehmen k\u00f6nnen wir uns die Zeit nehmen, Sie und Ihre Konzepte kennenzulernen. Wir beraten\n                      Sie gerne bei allen Fragen zu Ihrem Projekt und entwickeln mit Ihnen gemeinsam die perfekte L\u00f6sung.<\/p>\n                    <p>Sie haben nur einen kleinen Auftrag zu vergeben? Auch dann k\u00f6nnen Sie sich gerne an uns wenden. Wir bearbeiten kleine wie gro\u00dfe Auftr\u00e4ge mit derselben Energie, Zuverl\u00e4ssigkeit und Hingabe.<\/p>\n                    <p>Dank unserer betrieblichen Flexibilit\u00e4t sind wir in der Lage, uns ganz nach Ihren Terminw\u00fcnschen zu richten und gew\u00e4hrleisten Ihnen eine schnelle Bearbeitungszeit.<\/p>\n                    <p>Durch die Eigenregie unserer Konstruktion sind wir auch auf das Zuarbeiten von anderen Betrieben im Umfeld angewiesen deshalb k\u00f6nnen wir uns ganz auf unsere Kunden und deren Anliegen richten. Als Kleinbetrieb ist es uns m\u00f6glich, uns\n                      Ihren W\u00fcnschen anzupassen.<\/p>\n                    <p>Sprechen Sie uns an und erleben Sie selbst unsere gro\u00dfe Flexibilit\u00e4t.<\/p>\n                  <\/div>\n                <\/div>\n              <\/div>\n            <\/div>\n          <\/div>\n        <\/div>\n      <\/div>\n    <\/div>\n  <\/div>\n<\/div>","protected":false},"excerpt":{"rendered":"<p>Qualit\u00e4t made in Germany \u201eMade in Germany\u201c ist nach wie vor ein G\u00fctesiegel, das Qualit\u00e4t bedeutet. Deutschland hat als Produktionsstandort den Ruf pr\u00e4zise, zuverl\u00e4ssig und genau zu arbeiten. So ist das auch bei uns. Wir sind stolz darauf, sagen zu k\u00f6nnen, dass unsere gesamte Produktion im Inland stattfindet. Die Attribute, die mit dem Slogan \u201emade [&hellip;]<\/p>\n","protected":false},"author":1,"featured_media":0,"parent":0,"menu_order":0,"comment_status":"closed","ping_status":"closed","template":"page-templates\/full-width-page.php","meta":{"footnotes":""},"class_list":["post-8","page","type-page","status-publish","hentry"],"_links":{"self":[{"href":"https:\/\/emobility-reichhold.de\/index.php?rest_route=\/wp\/v2\/pages\/8","targetHints":{"allow":["GET"]}}],"collection":[{"href":"https:\/\/emobility-reichhold.de\/index.php?rest_route=\/wp\/v2\/pages"}],"about":[{"href":"https:\/\/emobility-reichhold.de\/index.php?rest_route=\/wp\/v2\/types\/page"}],"author":[{"embeddable":true,"href":"https:\/\/emobility-reichhold.de\/index.php?rest_route=\/wp\/v2\/users\/1"}],"replies":[{"embeddable":true,"href":"https:\/\/emobility-reichhold.de\/index.php?rest_route=%2Fwp%2Fv2%2Fcomments&post=8"}],"version-history":[{"count":20,"href":"https:\/\/emobility-reichhold.de\/index.php?rest_route=\/wp\/v2\/pages\/8\/revisions"}],"predecessor-version":[{"id":1540,"href":"https:\/\/emobility-reichhold.de\/index.php?rest_route=\/wp\/v2\/pages\/8\/revisions\/1540"}],"wp:attachment":[{"href":"https:\/\/emobility-reichhold.de\/index.php?rest_route=%2Fwp%2Fv2%2Fmedia&parent=8"}],"curies":[{"name":"wp","href":"https:\/\/api.w.org\/{rel}","templated":true}]}}